{"id":1338,"date":"2024-09-27T08:57:51","date_gmt":"2024-09-27T14:57:51","guid":{"rendered":"https:\/\/clubserena.club\/?page_id=1338"},"modified":"2025-01-31T11:47:06","modified_gmt":"2025-01-31T17:47:06","slug":"terminos-y-condiones","status":"publish","type":"page","link":"https:\/\/clubserena.club\/en\/terminos-y-condiones","title":{"rendered":"Terminos y Condiciones"},"content":{"rendered":"<div data-elementor-type=\"wp-page\" data-elementor-id=\"1338\" data-post-id=\"1338\" data-obj-id=\"1338\" class=\"elementor elementor-1338 dce-elementor-post-1338\">\n\t\t\t\t\t\t\t<div class=\"elementor-element elementor-element-275a1d2 e-con-boxed e-con\" data-id=\"275a1d2\" data-element_type=\"container\" data-settings=\"{&quot;content_width&quot;:&quot;boxed&quot;}\">\n\t\t\t\t\t<div class=\"e-con-inner\">\n\t\t\t\t<div class=\"elementor-element elementor-element-1e185ed elementor-widget elementor-widget-text-editor\" data-id=\"1e185ed\" data-element_type=\"widget\" data-widget_type=\"text-editor.default\">\n\t\t\t\t<div class=\"elementor-widget-container\">\n\t\t\t<style>\/*! elementor - v3.8.0 - 08-11-2022 *\/\n.elementor-widget-text-editor.elementor-drop-cap-view-stacked .elementor-drop-cap{background-color:#818a91;color:#fff}.elementor-widget-text-editor.elementor-drop-cap-view-framed .elementor-drop-cap{color:#818a91;border:3px solid;background-color:transparent}.elementor-widget-text-editor:not(.elementor-drop-cap-view-default) .elementor-drop-cap{margin-top:8px}.elementor-widget-text-editor:not(.elementor-drop-cap-view-default) .elementor-drop-cap-letter{width:1em;height:1em}.elementor-widget-text-editor .elementor-drop-cap{float:left;text-align:center;line-height:1;font-size:50px}.elementor-widget-text-editor .elementor-drop-cap-letter{display:inline-block}<\/style>\t\t\t\t<h5 style=\"text-align: center;\"><strong>T\u00e9rminos y Condiciones de Uso<\/strong><\/h5><p>\u00a0<\/p><h5>\u00a0<strong>1. Introducci\u00f3n<\/strong><\/h5><h5>El presente documento regula el acceso y uso del sitio web <a href=\"https:\/\/clubserena.club\/en\/\"><strong>https:\/\/www.clubserena.club\/<\/strong><\/a>, operado por DESARROLLADORA EN INNOVACI\u00d3N VIAGO, S.A. DE C.V., bajo el nombre comercial SERENA CLUB, con domicilio en la Sala de Ventas de Val\u2019Quirico ubicado en Carretera Santa Isabel Tetlatauca, km 2, 90710 San Miguel Xoxtla, Tlaxcala. Al utilizar este sitio, el usuario acepta los t\u00e9rminos y condiciones establecidos a continuaci\u00f3n. SERENA CLUB se reserva el derecho de modificar estos t\u00e9rminos en cualquier momento y notificar\u00e1 dichas modificaciones a trav\u00e9s del mismo sitio web.<\/h5><p>\u00a0<\/p><h5><strong><span style=\"color: inherit; font-family: inherit; font-size: 1.25rem; background-color: transparent; text-align: var(--text-align);\">2.\u00a0<\/span>Naturaleza del Servicio<\/strong><\/h5><h5>SERENA CLUB comercializa membres\u00edas vacacionales, cuyos t\u00e9rminos y condiciones est\u00e1n regidos por los contratos previamente firmados entre los socios y SERENA CLUB en el punto de venta ubicado en el desarrollo Val\u2019Quirico. La responsabilidad de SERENA CLUB se limita a los servicios incluidos en dichas membres\u00edas y no incluye el servicio o experiencia proporcionada por los prestadores finales de los servicios tur\u00edsticos (hoteles, aerol\u00edneas, arrendadoras, etc.).<\/h5><p>\u00a0<\/p><h5><strong>3. Relaci\u00f3n con Aliados Comerciales<\/strong><\/h5><h5>El sitio web incluye una secci\u00f3n de acceso a la plataforma de un aliado comercial, <a href=\"https:\/\/www.serenaclub.mx\"><strong>https:\/\/www.serenaclub.mx<\/strong><\/a>, quien provee para <strong>SERENA CLUB<\/strong> servicios de reservas de servicios tur\u00edsticos (hoteles, aerol\u00edneas, arrendadoras, etc.) proporcionados por los prestadores finales de los servicios tur\u00edsticos. Respecto de los t\u00e9rminos y condiciones y aviso de privacidad de la plataforma del aliado comercial, deber\u00e1n ser interpretados en lo que corresponda como emitidos por <strong>SERENA CLUB<\/strong> tambi\u00e9n y para estos efectos, <strong>SERENA CLUB<\/strong> es responsable solidario de todos los servicios ofertados a trav\u00e9s de la plataforma. El uso de la plataforma por parte del usuario implica la aceptaci\u00f3n de los t\u00e9rminos y condiciones de <a href=\"https:\/\/www.serenaclub.mx\"><strong>https:\/\/www.serenaclub.mx<\/strong><\/a>, adem\u00e1s de los aqu\u00ed establecidos.<\/h5><p>\u00a0<\/p><h5><strong>4. Membres\u00edas Vacacionales<\/strong><\/h5><h5>Las condiciones y caracter\u00edsticas de las membres\u00edas vacacionales son las establecidas en el contrato que los socios firman con SERENA CLUB en el punto de venta. Estas condiciones incluyen derechos, obligaciones y beneficios detallados en dicho contrato. En caso de discrepancias entre los t\u00e9rminos aqu\u00ed expuestos y los acordados contractualmente, prevalecer\u00e1n las condiciones del contrato firmado.<\/h5><p>\u00a0<\/p><h5><strong>5. Exenci\u00f3n de Responsabilidad<\/strong><\/h5><h5>SERENA CLUB no ser\u00e1 responsable por ning\u00fan da\u00f1o, p\u00e9rdida o incumplimiento relacionado con los servicios tur\u00edsticos proporcionados por los prestadores finales de los servicios tur\u00edsticos. (hoteles, l\u00edneas a\u00e9reas, arrendadoras de autos, operadores de tours, etc.). La responsabilidad de SERENA CLUB se limitar\u00e1 exclusivamente a los servicios cuya falta de prestaci\u00f3n sea directa y demostrablemente atribuible a la empresa. En tales casos, se gestionar\u00e1n las reclamaciones conforme a los procedimientos establecidos en los contratos de membres\u00eda.<\/h5><h5>SERENA CLUB no ser\u00e1 responsable por da\u00f1os directos, indirectos, especiales, incidentales o consecuentes derivados del uso o incapacidad de uso del sitio web, incluyendo la p\u00e9rdida de beneficios, interrupci\u00f3n de negocio, o da\u00f1os a sistemas inform\u00e1ticos. Asimismo, SERENA CLUB no garantiza que el sitio estar\u00e1 disponible de manera continua o libre de errores. El usuario entiende y acepta que el acceso al sitio es bajo su propio riesgo y que SERENA CLUB no se hace responsable por la falta de disponibilidad o cualquier tipo de error en el funcionamiento del sitio.<\/h5><p>\u00a0<\/p><h5><strong>\u00a06. Uso del Sitio Web<\/strong><\/h5><h5>El usuario se compromete a utilizar el sitio web de manera l\u00edcita y conforme a estos t\u00e9rminos y condiciones. El acceso al sitio web y sus funcionalidades puede estar sujeto a disponibilidad y a la aceptaci\u00f3n previa de los t\u00e9rminos y condiciones de los aliados comerciales, en especial aquellos relacionados con la plataforma <a href=\"https:\/\/serenaclub.mx\"><strong>https:\/\/serenaclub.mx<\/strong><\/a>. SERENA CLUB no garantiza el acceso continuo o ininterrumpido al sitio web y no ser\u00e1 responsable por fallos t\u00e9cnicos, interrupciones o p\u00e9rdida de informaci\u00f3n que se pueda producir durante el uso del sitio.<\/h5><p>\u00a0<\/p><h5><strong>\u00a07. Modificaci\u00f3n de los T\u00e9rminos y Condiciones<\/strong><\/h5><h5>SERENA CLUB se reserva el derecho de modificar en cualquier momento el contenido del sitio web, as\u00ed como estos t\u00e9rminos y condiciones. Las modificaciones ser\u00e1n efectivas desde el momento de su publicaci\u00f3n en el sitio web. El uso continuado del sitio despu\u00e9s de la publicaci\u00f3n de las modificaciones implicar\u00e1 la aceptaci\u00f3n de los nuevos t\u00e9rminos por parte del usuario.<\/h5><p>\u00a0<\/p><h5><strong>8. Propiedad Intelectual<\/strong><\/h5><h5>El contenido del sitio web, incluyendo textos, im\u00e1genes, logotipos, marcas comerciales, gr\u00e1ficos y cualquier otro elemento de propiedad intelectual, es propiedad de <strong>SERENA CLUB<\/strong> o sus licenciantes. Queda estrictamente prohibido el uso, reproducci\u00f3n, modificaci\u00f3n o distribuci\u00f3n no autorizada del contenido del sitio. El uso del sitio web no concede ning\u00fan derecho sobre la propiedad intelectual de SERENA CLUB o de terceros.<\/h5><p>\u00a0<\/p><h5><strong>9. Legislaci\u00f3n Aplicable y Jurisdicci\u00f3n<\/strong><\/h5><h5>Estos t\u00e9rminos y condiciones se regir\u00e1n e interpretar\u00e1n de acuerdo con las leyes de los Estados Unidos Mexicanos. Cualquier controversia derivada del uso del sitio web o de los servicios ofrecidos por SERENA CLUB ser\u00e1 resuelta por los tribunales competentes de la Ciudad de Tlaxcala, M\u00e9xico. renunciando el usuario a cualquier otro fuero que pudiera corresponderle por raz\u00f3n de su domicilio.<\/h5><p>\u00a0<\/p><h5><strong>10. Contacto<\/strong><\/h5><h5>Para cualquier duda o consulta relacionada con estos t\u00e9rminos y condiciones, el usuario puede ponerse en contacto con SERENA CLUB a trav\u00e9s del correo electr\u00f3nico <a href=\"mailto:info@clubserena.club\"><strong>info@clubserena.club<\/strong><\/a>\u00a0 SERENA CLUB se compromete a responder a las solicitudes de los usuarios dentro de un plazo razonable y a brindar el soporte necesario para resolver cualquier inconveniente relacionado con el uso del sitio web.<\/h5><p>\u00a0<\/p><h5><strong>Ultima actualizaci\u00f3n: 12 de septiembre del a\u00f1o 2024<\/strong><\/h5>\t\t\t\t\t\t<\/div>\n\t\t\t\t<\/div>\n\t\t\t\t\t<\/div>\n\t\t\t\t<\/div>\n\t\t\t\t\t\t\t<\/div>","protected":false},"excerpt":{"rendered":"<p>T\u00e9rminos y Condiciones de Uso \u00a0 \u00a01. Introducci\u00f3n El presente documento regula el acceso y uso del sitio web https:\/\/www.clubserena.club\/, operado por DESARROLLADORA EN INNOVACI\u00d3N VIAGO, S.A. DE C.V., bajo el nombre comercial SERENA CLUB, con domicilio en la Sala de Ventas de Val\u2019Quirico ubicado en Carretera Santa Isabel Tetlatauca, km 2, 90710 San Miguel [&hellip;]<\/p>","protected":false},"author":2,"featured_media":0,"parent":0,"menu_order":0,"comment_status":"closed","ping_status":"closed","template":"","meta":{"footnotes":""},"class_list":["post-1338","page","type-page","status-publish","hentry"],"_links":{"self":[{"href":"https:\/\/clubserena.club\/en\/wp-json\/wp\/v2\/pages\/1338","targetHints":{"allow":["GET"]}}],"collection":[{"href":"https:\/\/clubserena.club\/en\/wp-json\/wp\/v2\/pages"}],"about":[{"href":"https:\/\/clubserena.club\/en\/wp-json\/wp\/v2\/types\/page"}],"author":[{"embeddable":true,"href":"https:\/\/clubserena.club\/en\/wp-json\/wp\/v2\/users\/2"}],"replies":[{"embeddable":true,"href":"https:\/\/clubserena.club\/en\/wp-json\/wp\/v2\/comments?post=1338"}],"version-history":[{"count":30,"href":"https:\/\/clubserena.club\/en\/wp-json\/wp\/v2\/pages\/1338\/revisions"}],"predecessor-version":[{"id":1416,"href":"https:\/\/clubserena.club\/en\/wp-json\/wp\/v2\/pages\/1338\/revisions\/1416"}],"wp:attachment":[{"href":"https:\/\/clubserena.club\/en\/wp-json\/wp\/v2\/media?parent=1338"}],"curies":[{"name":"wp","href":"https:\/\/api.w.org\/{rel}","templated":true}]}}